{"id":9152,"date":"2026-02-11T08:31:23","date_gmt":"2026-02-11T07:31:23","guid":{"rendered":"http:\/\/new.cube-educ.com\/?page_id=9152"},"modified":"2026-02-26T16:33:21","modified_gmt":"2026-02-26T15:33:21","slug":"inscriptions-2","status":"publish","type":"page","link":"https:\/\/cube-educ.com\/en\/inscriptions-2\/","title":{"rendered":"Careers"},"content":{"rendered":"\t\t<div data-elementor-type=\"wp-page\" data-elementor-id=\"9152\" class=\"elementor elementor-9152 elementor-9151\" data-elementor-post-type=\"page\">\n\t\t\t\t<div class=\"elementor-element elementor-element-65cba34 section-l e-con-full e-flex e-con e-parent\" data-id=\"65cba34\" data-element_type=\"container\" data-e-type=\"container\" data-settings=\"{&quot;background_background&quot;:&quot;classic&quot;}\">\n\t\t<div class=\"elementor-element elementor-element-455384d e-con-full gap-l e-flex e-con e-child\" data-id=\"455384d\" data-element_type=\"container\" data-e-type=\"container\">\n\t\t\t\t<div class=\"elementor-element elementor-element-a3b61b8 elementor-invisible elementor-widget elementor-widget-heading\" data-id=\"a3b61b8\" data-element_type=\"widget\" data-e-type=\"widget\" data-settings=\"{&quot;_animation&quot;:&quot;fadeInUp&quot;}\" data-widget_type=\"heading.default\">\n\t\t\t\t\t<h1 class=\"elementor-heading-title elementor-size-default\">Careers<\/h1>\t\t\t\t<\/div>\n\t\t\t\t<\/div>\n\t\t\t\t<\/div>\n\t\t<div class=\"elementor-element elementor-element-7d3861d e-con-full section-xl e-flex e-con e-parent\" data-id=\"7d3861d\" data-element_type=\"container\" data-e-type=\"container\">\n\t\t<div class=\"elementor-element elementor-element-3373b32 e-con-full section-wide gap-m e-flex e-con e-child\" data-id=\"3373b32\" data-element_type=\"container\" data-e-type=\"container\">\n\t\t\t\t<div class=\"elementor-element elementor-element-a9ef263 elementor-widget elementor-widget-heading\" data-id=\"a9ef263\" data-element_type=\"widget\" data-e-type=\"widget\" data-settings=\"{&quot;_animation&quot;:&quot;none&quot;}\" data-widget_type=\"heading.default\">\n\t\t\t\t\t<h1 class=\"elementor-heading-title elementor-size-default\">Our job offers<\/h1>\t\t\t\t<\/div>\n\t\t\t\t<div class=\"elementor-element elementor-element-43bd3a8 elementor-widget__width-initial elementor-widget elementor-widget-text-editor\" data-id=\"43bd3a8\" data-element_type=\"widget\" data-e-type=\"widget\" data-widget_type=\"text-editor.default\">\n\t\t\t\t\t\t\t\t\t<p style=\"text-align: center;\">The quality of the welcome children and their parents receive depends on you, your enthusiasm and your commitment.  <\/p>\n<p style=\"text-align: center;\">We&#8217;re looking for passionate, motivated and committed professionals. Their past experience, level of training and ambitions are at the heart of our considerations. We want them to grow and develop with us. By listening to and valuing them, we also offer them the best possible working conditions.   <\/p>\t\t\t\t\t\t\t\t<\/div>\n\t\t<div class=\"elementor-element elementor-element-7cd94f2 e-grid e-con-full e-con e-child\" data-id=\"7cd94f2\" data-element_type=\"container\" data-e-type=\"container\">\n\t\t<div class=\"elementor-element elementor-element-6baedd3 e-con-full e-flex e-con e-child\" data-id=\"6baedd3\" data-element_type=\"container\" data-e-type=\"container\" data-settings=\"{&quot;background_background&quot;:&quot;classic&quot;}\">\n\t\t\t\t<div class=\"elementor-element elementor-element-99f1873 elementor-widget elementor-widget-text-editor\" data-id=\"99f1873\" data-element_type=\"widget\" data-e-type=\"widget\" data-widget_type=\"text-editor.default\">\n\t\t\t\t\t\t\t\t\t<h5>FRANCOPHONE OR ANGLOPHONE Montessori TEACHERS &#8211; 3-6 YEARS &#8211; Project in YVELINES (78) AND IN HAUTS-DE-SEINE (92)<\/h5><p><strong>FOR PROJECTS IN THE YVELINES (78) AND HAUTS-DE-SEINE (92), THE CUBE EDUCATION NETWORK IS LOOKING FOR MONTESSORI EDUCATORS ON FULL-TIME, PERMANENT CONTRACTS FOR THE START OF THE 2025 SCHOOL YEAR.<\/strong><\/p><p>Created in 2017, Cube Education is a network of bilingual and trilingual Montessori schools located in the Paris region.<\/p><p>6 schools currently welcome more than 500 pupils, aged 2 to 11, on a daily basis. Above all, they are places of transmission, founded on the values and convictions that unite all our teams. Each school is located in independent, characterful premises with private outdoor spaces. The teams have access to a full range of teaching materials, and are organized in such a way as to enable them to concentrate on their teaching.   <\/p><p>Committed and passionate, you&#8217;ll work in tandem with an experienced Montessori-certified educator.<\/p><p>You enjoy teaching and helping children to flourish, and have a positive, caring attitude, good written and spoken communication skills, and a desire to work as part of a team.<\/p><p>If you are applying from outside the European Union, you will need to obtain all the formalities required for employment in France (residence permit, work permit, etc.).<\/p><p><strong><em>REQUIRED SKILLS AND INTERESTS<\/em><\/strong><\/p><ul><li>French or English Montessori teacher training<\/li><li>Professional experience with children<\/li><li>Interest in active teaching methods<\/li><li>Good manual skills<\/li><li>Good adaptability, concentration, versatility<\/li><li>Punctuality<\/li><\/ul><p><strong><em>KNOW-HOW<\/em><\/strong><\/p><p>We&#8217;re looking for motivated, dynamic people with a personal career plan in which this position can take on its full meaning.<\/p><p><strong><em>OPERATING CONDITIONS<\/em><\/strong><\/p><ul><li>Contract: CDI<\/li><li>Start date: August 25, 2025<\/li><li>Working hours: full-time (based on a 35-hour week)<\/li><\/ul><p><strong><em>Our commitment:<\/em><\/strong><\/p><ul><li>Benefits: Attractive salary and benefits policy, mutual insurance, 50% transport costs, real career development within our partner schools with the possibility of an individualized training plan.<\/li><li>Application &amp; CV by e-mail: <a href=\"https:\/\/web.archive.org\/web\/20260117062934\/mailto:recrutement@cube-educ.com\">recrutement@cube-educ.com<\/a><\/li><li>Contact: Tristan MICOL<\/li><\/ul>\t\t\t\t\t\t\t\t<\/div>\n\t\t\t\t<\/div>\n\t\t<div class=\"elementor-element elementor-element-128be5e e-con-full e-flex e-con e-child\" data-id=\"128be5e\" data-element_type=\"container\" data-e-type=\"container\" data-settings=\"{&quot;background_background&quot;:&quot;classic&quot;}\">\n\t\t\t\t<div class=\"elementor-element elementor-element-3d373bf elementor-widget elementor-widget-text-editor\" data-id=\"3d373bf\" data-element_type=\"widget\" data-e-type=\"widget\" data-widget_type=\"text-editor.default\">\n\t\t\t\t\t\t\t\t\t<h5><span class=\"s1\">PAYROLL MANAGER<\/span><\/h5>\n<p class=\"p3\">Reporting to the administrative and financial department, you will be responsible for the complete management of payroll and personnel administration in a multi-site environment in the nursery and primary education sector. Your main responsibilities will include <\/p>\n\n<ul>\n \t<li class=\"p3\">collecting, checking and entering variable pay elements<\/li>\n \t<li class=\"p3\">drawing up pay slips<\/li>\n \t<li class=\"p3\">control of social charges<\/li>\n \t<li class=\"p3\">annual contribution settings in Sila\u00e9<\/li>\n \t<li class=\"p3\">management of account balances<\/li>\n \t<li class=\"p3\">social monitoring to keep abreast of changes in legislation and collective bargaining agreements<\/li>\n \t<li class=\"p3\">social and tax declarations with event-based and monthly dsn declarations<\/li>\n \t<li class=\"p3\">payroll tax returns<\/li>\n \t<li class=\"p3\">annual social declarations<\/li>\n \t<li class=\"p3\">relations with the various social organizations<\/li>\n<\/ul>\n<p class=\"p3\">In addition, you will manage part of the personnel administration process, including :<\/p>\n\n<ul>\n \t<li class=\"p3\">DPAE<\/li>\n \t<li class=\"p3\">various wage certificates<\/li>\n \t<li class=\"p3\">management of sick leave for accidents at work and commuting accidents<\/li>\n \t<li class=\"p3\">medical check-ups<\/li>\n \t<li class=\"p3\">management of the mutual insurance and provident fund, and<\/li>\n \t<li class=\"p3\">follow-up of personnel files<\/li>\n<\/ul>\n<p class=\"p3\"><b>Knowledge of Sila\u00e9 software is required.<\/b><\/p>\n<p class=\"p3\">Full time or part time possible<br>Telecommuting possible<br>Holiday bonuses \/ mutual insurance companyGross salary between \u20ac2,500 and \u20ac2,800 depending on experience<br>Minimum 5 years&#8217; professional experience in the function<\/p>\nJob location: Paris &#8211; 15th arrondissement &#8211; Dupleix metro station\t\t\t\t\t\t\t\t<\/div>\n\t\t\t\t<\/div>\n\t\t\t\t<\/div>\n\t\t\t\t<\/div>\n\t\t\t\t<\/div>\n\t\t\t\t<\/div>\n\t\t","protected":false},"excerpt":{"rendered":"<p>Careers Our job offers The quality of the welcome children and their parents receive depends on you, your enthusiasm and your commitment. We&#8217;re looking for passionate, motivated and committed professionals. Their past experience, level of training and ambitions are at the heart of our considerations. We want them to grow and develop with us. By [&hellip;]<\/p>\n","protected":false},"author":1,"featured_media":0,"parent":0,"menu_order":4,"comment_status":"closed","ping_status":"closed","template":"","meta":{"_acf_changed":false,"footnotes":""},"class_list":["post-9152","page","type-page","status-publish","hentry"],"acf":[],"yoast_head":"<!-- This site is optimized with the Yoast SEO Premium plugin v27.3 (Yoast SEO v27.3) - https:\/\/yoast.com\/product\/yoast-seo-premium-wordpress\/ -->\n<title>Careers | Cube Education<\/title>\n<meta name=\"robots\" content=\"index, follow, max-snippet:-1, max-image-preview:large, max-video-preview:-1\" \/>\n<link rel=\"canonical\" href=\"https:\/\/cube-educ.com\/en\/inscriptions-2\/\" \/>\n<meta property=\"og:locale\" content=\"en_US\" \/>\n<meta property=\"og:type\" content=\"article\" \/>\n<meta property=\"og:title\" content=\"Careers\" \/>\n<meta property=\"og:description\" content=\"Careers Our job offers The quality of the welcome children and their parents receive depends on you, your enthusiasm and your commitment. We&#8217;re looking for passionate, motivated and committed professionals. Their past experience, level of training and ambitions are at the heart of our considerations. We want them to grow and develop with us. By [&hellip;]\" \/>\n<meta property=\"og:url\" content=\"https:\/\/cube-educ.com\/en\/inscriptions-2\/\" \/>\n<meta property=\"og:site_name\" content=\"Cube Education\" \/>\n<meta property=\"article:publisher\" content=\"https:\/\/www.facebook.com\/CubeEducNetwork\/\" \/>\n<meta property=\"article:modified_time\" content=\"2026-02-26T15:33:21+00:00\" \/>\n<meta property=\"og:image\" content=\"https:\/\/cube-educ.com\/wp-content\/uploads\/2025\/12\/Master_Cube_Edu_tagline_horizontalno-margin-1-scaled.png\" \/>\n\t<meta property=\"og:image:width\" content=\"2560\" \/>\n\t<meta property=\"og:image:height\" content=\"581\" \/>\n\t<meta property=\"og:image:type\" content=\"image\/png\" \/>\n<meta name=\"twitter:card\" content=\"summary_large_image\" \/>\n<meta name=\"twitter:label1\" content=\"Est. reading time\" \/>\n\t<meta name=\"twitter:data1\" content=\"3 minutes\" \/>\n<script type=\"application\/ld+json\" class=\"yoast-schema-graph\">{\"@context\":\"https:\\\/\\\/schema.org\",\"@graph\":[{\"@type\":\"WebPage\",\"@id\":\"https:\\\/\\\/cube-educ.com\\\/en\\\/inscriptions-2\\\/\",\"url\":\"https:\\\/\\\/cube-educ.com\\\/en\\\/inscriptions-2\\\/\",\"name\":\"Careers | Cube Education\",\"isPartOf\":{\"@id\":\"https:\\\/\\\/cube-educ.com\\\/en\\\/#website\"},\"datePublished\":\"2026-02-11T07:31:23+00:00\",\"dateModified\":\"2026-02-26T15:33:21+00:00\",\"breadcrumb\":{\"@id\":\"https:\\\/\\\/cube-educ.com\\\/en\\\/inscriptions-2\\\/#breadcrumb\"},\"inLanguage\":\"en-US\",\"potentialAction\":[{\"@type\":\"ReadAction\",\"target\":[\"https:\\\/\\\/cube-educ.com\\\/en\\\/inscriptions-2\\\/\"]}]},{\"@type\":\"BreadcrumbList\",\"@id\":\"https:\\\/\\\/cube-educ.com\\\/en\\\/inscriptions-2\\\/#breadcrumb\",\"itemListElement\":[{\"@type\":\"ListItem\",\"position\":1,\"name\":\"Accueil\",\"item\":\"https:\\\/\\\/cube-educ.com\\\/en\\\/homepage\\\/\"},{\"@type\":\"ListItem\",\"position\":2,\"name\":\"Careers\"}]},{\"@type\":\"WebSite\",\"@id\":\"https:\\\/\\\/cube-educ.com\\\/en\\\/#website\",\"url\":\"https:\\\/\\\/cube-educ.com\\\/en\\\/\",\"name\":\"Cube Education\",\"description\":\"\",\"publisher\":{\"@id\":\"https:\\\/\\\/cube-educ.com\\\/en\\\/#organization\"},\"potentialAction\":[{\"@type\":\"SearchAction\",\"target\":{\"@type\":\"EntryPoint\",\"urlTemplate\":\"https:\\\/\\\/cube-educ.com\\\/en\\\/?s={search_term_string}\"},\"query-input\":{\"@type\":\"PropertyValueSpecification\",\"valueRequired\":true,\"valueName\":\"search_term_string\"}}],\"inLanguage\":\"en-US\"},{\"@type\":[\"Organization\",\"Place\"],\"@id\":\"https:\\\/\\\/cube-educ.com\\\/en\\\/#organization\",\"name\":\"Cube Education\",\"url\":\"https:\\\/\\\/cube-educ.com\\\/en\\\/\",\"logo\":{\"@id\":\"https:\\\/\\\/cube-educ.com\\\/en\\\/inscriptions-2\\\/#local-main-organization-logo\"},\"image\":{\"@id\":\"https:\\\/\\\/cube-educ.com\\\/en\\\/inscriptions-2\\\/#local-main-organization-logo\"},\"sameAs\":[\"https:\\\/\\\/www.facebook.com\\\/CubeEducNetwork\\\/\",\"https:\\\/\\\/www.instagram.com\\\/cube_educ\\\/\",\"https:\\\/\\\/www.linkedin.com\\\/company\\\/cube-educ\\\/\"],\"description\":\"Cube Education est un r\u00e9seau d\u2019\u00e9coles priv\u00e9es bilingues en \u00cele-de-France, inspir\u00e9es par Montessori : petits effectifs, suivi individualis\u00e9 et exigence p\u00e9dagogique bienveillante, dans le respect des programmes.\",\"legalName\":\"Cube Education\",\"numberOfEmployees\":{\"@type\":\"QuantitativeValue\",\"minValue\":\"51\",\"maxValue\":\"200\"},\"telephone\":[],\"openingHoursSpecification\":[{\"@type\":\"OpeningHoursSpecification\",\"dayOfWeek\":[\"Monday\",\"Tuesday\",\"Wednesday\",\"Thursday\",\"Friday\",\"Saturday\",\"Sunday\"],\"opens\":\"09:00\",\"closes\":\"17:00\"}]},{\"@type\":\"ImageObject\",\"inLanguage\":\"en-US\",\"@id\":\"https:\\\/\\\/cube-educ.com\\\/en\\\/inscriptions-2\\\/#local-main-organization-logo\",\"url\":\"\",\"contentUrl\":\"\",\"caption\":\"Cube Education\"}]}<\/script>\n<!-- \/ Yoast SEO Premium plugin. -->","yoast_head_json":{"title":"Careers | Cube Education","robots":{"index":"index","follow":"follow","max-snippet":"max-snippet:-1","max-image-preview":"max-image-preview:large","max-video-preview":"max-video-preview:-1"},"canonical":"https:\/\/cube-educ.com\/en\/inscriptions-2\/","og_locale":"en_US","og_type":"article","og_title":"Careers","og_description":"Careers Our job offers The quality of the welcome children and their parents receive depends on you, your enthusiasm and your commitment. We&#8217;re looking for passionate, motivated and committed professionals. Their past experience, level of training and ambitions are at the heart of our considerations. We want them to grow and develop with us. By [&hellip;]","og_url":"https:\/\/cube-educ.com\/en\/inscriptions-2\/","og_site_name":"Cube Education","article_publisher":"https:\/\/www.facebook.com\/CubeEducNetwork\/","article_modified_time":"2026-02-26T15:33:21+00:00","og_image":[{"width":2560,"height":581,"url":"https:\/\/cube-educ.com\/wp-content\/uploads\/2025\/12\/Master_Cube_Edu_tagline_horizontalno-margin-1-scaled.png","type":"image\/png"}],"twitter_card":"summary_large_image","twitter_misc":{"Est. reading time":"3 minutes"},"schema":{"@context":"https:\/\/schema.org","@graph":[{"@type":"WebPage","@id":"https:\/\/cube-educ.com\/en\/inscriptions-2\/","url":"https:\/\/cube-educ.com\/en\/inscriptions-2\/","name":"Careers | Cube Education","isPartOf":{"@id":"https:\/\/cube-educ.com\/en\/#website"},"datePublished":"2026-02-11T07:31:23+00:00","dateModified":"2026-02-26T15:33:21+00:00","breadcrumb":{"@id":"https:\/\/cube-educ.com\/en\/inscriptions-2\/#breadcrumb"},"inLanguage":"en-US","potentialAction":[{"@type":"ReadAction","target":["https:\/\/cube-educ.com\/en\/inscriptions-2\/"]}]},{"@type":"BreadcrumbList","@id":"https:\/\/cube-educ.com\/en\/inscriptions-2\/#breadcrumb","itemListElement":[{"@type":"ListItem","position":1,"name":"Accueil","item":"https:\/\/cube-educ.com\/en\/homepage\/"},{"@type":"ListItem","position":2,"name":"Careers"}]},{"@type":"WebSite","@id":"https:\/\/cube-educ.com\/en\/#website","url":"https:\/\/cube-educ.com\/en\/","name":"Cube Education","description":"","publisher":{"@id":"https:\/\/cube-educ.com\/en\/#organization"},"potentialAction":[{"@type":"SearchAction","target":{"@type":"EntryPoint","urlTemplate":"https:\/\/cube-educ.com\/en\/?s={search_term_string}"},"query-input":{"@type":"PropertyValueSpecification","valueRequired":true,"valueName":"search_term_string"}}],"inLanguage":"en-US"},{"@type":["Organization","Place"],"@id":"https:\/\/cube-educ.com\/en\/#organization","name":"Cube Education","url":"https:\/\/cube-educ.com\/en\/","logo":{"@id":"https:\/\/cube-educ.com\/en\/inscriptions-2\/#local-main-organization-logo"},"image":{"@id":"https:\/\/cube-educ.com\/en\/inscriptions-2\/#local-main-organization-logo"},"sameAs":["https:\/\/www.facebook.com\/CubeEducNetwork\/","https:\/\/www.instagram.com\/cube_educ\/","https:\/\/www.linkedin.com\/company\/cube-educ\/"],"description":"Cube Education est un r\u00e9seau d\u2019\u00e9coles priv\u00e9es bilingues en \u00cele-de-France, inspir\u00e9es par Montessori : petits effectifs, suivi individualis\u00e9 et exigence p\u00e9dagogique bienveillante, dans le respect des programmes.","legalName":"Cube Education","numberOfEmployees":{"@type":"QuantitativeValue","minValue":"51","maxValue":"200"},"telephone":[],"openingHoursSpecification":[{"@type":"OpeningHoursSpecification","dayOfWeek":["Monday","Tuesday","Wednesday","Thursday","Friday","Saturday","Sunday"],"opens":"09:00","closes":"17:00"}]},{"@type":"ImageObject","inLanguage":"en-US","@id":"https:\/\/cube-educ.com\/en\/inscriptions-2\/#local-main-organization-logo","url":"","contentUrl":"","caption":"Cube Education"}]}},"_links":{"self":[{"href":"https:\/\/cube-educ.com\/en\/wp-json\/wp\/v2\/pages\/9152","targetHints":{"allow":["GET"]}}],"collection":[{"href":"https:\/\/cube-educ.com\/en\/wp-json\/wp\/v2\/pages"}],"about":[{"href":"https:\/\/cube-educ.com\/en\/wp-json\/wp\/v2\/types\/page"}],"author":[{"embeddable":true,"href":"https:\/\/cube-educ.com\/en\/wp-json\/wp\/v2\/users\/1"}],"replies":[{"embeddable":true,"href":"https:\/\/cube-educ.com\/en\/wp-json\/wp\/v2\/comments?post=9152"}],"version-history":[{"count":9,"href":"https:\/\/cube-educ.com\/en\/wp-json\/wp\/v2\/pages\/9152\/revisions"}],"predecessor-version":[{"id":11870,"href":"https:\/\/cube-educ.com\/en\/wp-json\/wp\/v2\/pages\/9152\/revisions\/11870"}],"wp:attachment":[{"href":"https:\/\/cube-educ.com\/en\/wp-json\/wp\/v2\/media?parent=9152"}],"curies":[{"name":"wp","href":"https:\/\/api.w.org\/{rel}","templated":true}]}}