{"id":1442,"date":"2025-12-22T16:38:09","date_gmt":"2025-12-22T15:38:09","guid":{"rendered":"http:\/\/new.cube-educ.com\/pedagogy\/"},"modified":"2026-02-16T23:44:42","modified_gmt":"2026-02-16T22:44:42","slug":"pedagogy","status":"publish","type":"page","link":"https:\/\/cube-educ.com\/en\/pedagogy\/","title":{"rendered":"Pedagogy"},"content":{"rendered":"\t\t<div data-elementor-type=\"wp-page\" data-elementor-id=\"1442\" class=\"elementor elementor-1442 elementor-1413\" data-elementor-post-type=\"page\">\n\t\t\t\t<div class=\"elementor-element elementor-element-baeb453 e-flex e-con-boxed e-con e-parent\" data-id=\"baeb453\" data-element_type=\"container\" data-e-type=\"container\">\n\t\t\t\t\t<div class=\"e-con-inner\">\n\t\t\t\t<div class=\"elementor-element elementor-element-d09803a elementor-widget elementor-widget-heading\" data-id=\"d09803a\" data-element_type=\"widget\" data-e-type=\"widget\" data-widget_type=\"heading.default\">\n\t\t\t\t\t<h1 class=\"elementor-heading-title elementor-size-default\">Content to come<\/h1>\t\t\t\t<\/div>\n\t\t\t\t\t<\/div>\n\t\t\t\t<\/div>\n\t\t\t\t<\/div>\n\t\t","protected":false},"excerpt":{"rendered":"<p>Content to come<\/p>\n","protected":false},"author":1,"featured_media":0,"parent":0,"menu_order":3,"comment_status":"closed","ping_status":"closed","template":"","meta":{"_acf_changed":false,"footnotes":""},"class_list":["post-1442","page","type-page","status-publish","hentry"],"acf":[],"yoast_head":"<!-- This site is optimized with the Yoast SEO Premium plugin v27.3 (Yoast SEO v27.3) - https:\/\/yoast.com\/product\/yoast-seo-premium-wordpress\/ -->\n<title>Pedagogy | Cube Education<\/title>\n<meta name=\"robots\" content=\"index, follow, max-snippet:-1, max-image-preview:large, max-video-preview:-1\" \/>\n<link rel=\"canonical\" href=\"https:\/\/cube-educ.com\/en\/pedagogy\/\" \/>\n<meta property=\"og:locale\" content=\"en_US\" \/>\n<meta property=\"og:type\" content=\"article\" \/>\n<meta property=\"og:title\" content=\"Pedagogy\" \/>\n<meta property=\"og:description\" content=\"Content to come\" \/>\n<meta property=\"og:url\" content=\"https:\/\/cube-educ.com\/en\/pedagogy\/\" \/>\n<meta property=\"og:site_name\" content=\"Cube Education\" \/>\n<meta property=\"article:publisher\" content=\"https:\/\/www.facebook.com\/CubeEducNetwork\/\" \/>\n<meta property=\"article:modified_time\" content=\"2026-02-16T22:44:42+00:00\" \/>\n<meta property=\"og:image\" content=\"https:\/\/cube-educ.com\/wp-content\/uploads\/2025\/12\/Master_Cube_Edu_tagline_horizontalno-margin-1-scaled.png\" \/>\n\t<meta property=\"og:image:width\" content=\"2560\" \/>\n\t<meta property=\"og:image:height\" content=\"581\" \/>\n\t<meta property=\"og:image:type\" content=\"image\/png\" \/>\n<meta name=\"twitter:card\" content=\"summary_large_image\" \/>\n<script type=\"application\/ld+json\" class=\"yoast-schema-graph\">{\"@context\":\"https:\\\/\\\/schema.org\",\"@graph\":[{\"@type\":\"WebPage\",\"@id\":\"https:\\\/\\\/cube-educ.com\\\/en\\\/pedagogy\\\/\",\"url\":\"https:\\\/\\\/cube-educ.com\\\/en\\\/pedagogy\\\/\",\"name\":\"Pedagogy | Cube Education\",\"isPartOf\":{\"@id\":\"https:\\\/\\\/cube-educ.com\\\/en\\\/#website\"},\"datePublished\":\"2025-12-22T15:38:09+00:00\",\"dateModified\":\"2026-02-16T22:44:42+00:00\",\"breadcrumb\":{\"@id\":\"https:\\\/\\\/cube-educ.com\\\/en\\\/pedagogy\\\/#breadcrumb\"},\"inLanguage\":\"en-US\",\"potentialAction\":[{\"@type\":\"ReadAction\",\"target\":[\"https:\\\/\\\/cube-educ.com\\\/en\\\/pedagogy\\\/\"]}]},{\"@type\":\"BreadcrumbList\",\"@id\":\"https:\\\/\\\/cube-educ.com\\\/en\\\/pedagogy\\\/#breadcrumb\",\"itemListElement\":[{\"@type\":\"ListItem\",\"position\":1,\"name\":\"Accueil\",\"item\":\"https:\\\/\\\/cube-educ.com\\\/en\\\/homepage\\\/\"},{\"@type\":\"ListItem\",\"position\":2,\"name\":\"Pedagogy\"}]},{\"@type\":\"WebSite\",\"@id\":\"https:\\\/\\\/cube-educ.com\\\/en\\\/#website\",\"url\":\"https:\\\/\\\/cube-educ.com\\\/en\\\/\",\"name\":\"Cube Education\",\"description\":\"\",\"publisher\":{\"@id\":\"https:\\\/\\\/cube-educ.com\\\/en\\\/#organization\"},\"potentialAction\":[{\"@type\":\"SearchAction\",\"target\":{\"@type\":\"EntryPoint\",\"urlTemplate\":\"https:\\\/\\\/cube-educ.com\\\/en\\\/?s={search_term_string}\"},\"query-input\":{\"@type\":\"PropertyValueSpecification\",\"valueRequired\":true,\"valueName\":\"search_term_string\"}}],\"inLanguage\":\"en-US\"},{\"@type\":[\"Organization\",\"Place\"],\"@id\":\"https:\\\/\\\/cube-educ.com\\\/en\\\/#organization\",\"name\":\"Cube Education\",\"url\":\"https:\\\/\\\/cube-educ.com\\\/en\\\/\",\"logo\":{\"@id\":\"https:\\\/\\\/cube-educ.com\\\/en\\\/pedagogy\\\/#local-main-organization-logo\"},\"image\":{\"@id\":\"https:\\\/\\\/cube-educ.com\\\/en\\\/pedagogy\\\/#local-main-organization-logo\"},\"sameAs\":[\"https:\\\/\\\/www.facebook.com\\\/CubeEducNetwork\\\/\",\"https:\\\/\\\/www.instagram.com\\\/cube_educ\\\/\",\"https:\\\/\\\/www.linkedin.com\\\/company\\\/cube-educ\\\/\"],\"description\":\"Cube Education est un r\u00e9seau d\u2019\u00e9coles priv\u00e9es bilingues en \u00cele-de-France, inspir\u00e9es par Montessori : petits effectifs, suivi individualis\u00e9 et exigence p\u00e9dagogique bienveillante, dans le respect des programmes.\",\"legalName\":\"Cube Education\",\"numberOfEmployees\":{\"@type\":\"QuantitativeValue\",\"minValue\":\"51\",\"maxValue\":\"200\"},\"telephone\":[],\"openingHoursSpecification\":[{\"@type\":\"OpeningHoursSpecification\",\"dayOfWeek\":[\"Monday\",\"Tuesday\",\"Wednesday\",\"Thursday\",\"Friday\",\"Saturday\",\"Sunday\"],\"opens\":\"09:00\",\"closes\":\"17:00\"}]},{\"@type\":\"ImageObject\",\"inLanguage\":\"en-US\",\"@id\":\"https:\\\/\\\/cube-educ.com\\\/en\\\/pedagogy\\\/#local-main-organization-logo\",\"url\":\"\",\"contentUrl\":\"\",\"caption\":\"Cube Education\"}]}<\/script>\n<!-- \/ Yoast SEO Premium plugin. -->","yoast_head_json":{"title":"Pedagogy | Cube Education","robots":{"index":"index","follow":"follow","max-snippet":"max-snippet:-1","max-image-preview":"max-image-preview:large","max-video-preview":"max-video-preview:-1"},"canonical":"https:\/\/cube-educ.com\/en\/pedagogy\/","og_locale":"en_US","og_type":"article","og_title":"Pedagogy","og_description":"Content to come","og_url":"https:\/\/cube-educ.com\/en\/pedagogy\/","og_site_name":"Cube Education","article_publisher":"https:\/\/www.facebook.com\/CubeEducNetwork\/","article_modified_time":"2026-02-16T22:44:42+00:00","og_image":[{"width":2560,"height":581,"url":"https:\/\/cube-educ.com\/wp-content\/uploads\/2025\/12\/Master_Cube_Edu_tagline_horizontalno-margin-1-scaled.png","type":"image\/png"}],"twitter_card":"summary_large_image","schema":{"@context":"https:\/\/schema.org","@graph":[{"@type":"WebPage","@id":"https:\/\/cube-educ.com\/en\/pedagogy\/","url":"https:\/\/cube-educ.com\/en\/pedagogy\/","name":"Pedagogy | Cube Education","isPartOf":{"@id":"https:\/\/cube-educ.com\/en\/#website"},"datePublished":"2025-12-22T15:38:09+00:00","dateModified":"2026-02-16T22:44:42+00:00","breadcrumb":{"@id":"https:\/\/cube-educ.com\/en\/pedagogy\/#breadcrumb"},"inLanguage":"en-US","potentialAction":[{"@type":"ReadAction","target":["https:\/\/cube-educ.com\/en\/pedagogy\/"]}]},{"@type":"BreadcrumbList","@id":"https:\/\/cube-educ.com\/en\/pedagogy\/#breadcrumb","itemListElement":[{"@type":"ListItem","position":1,"name":"Accueil","item":"https:\/\/cube-educ.com\/en\/homepage\/"},{"@type":"ListItem","position":2,"name":"Pedagogy"}]},{"@type":"WebSite","@id":"https:\/\/cube-educ.com\/en\/#website","url":"https:\/\/cube-educ.com\/en\/","name":"Cube Education","description":"","publisher":{"@id":"https:\/\/cube-educ.com\/en\/#organization"},"potentialAction":[{"@type":"SearchAction","target":{"@type":"EntryPoint","urlTemplate":"https:\/\/cube-educ.com\/en\/?s={search_term_string}"},"query-input":{"@type":"PropertyValueSpecification","valueRequired":true,"valueName":"search_term_string"}}],"inLanguage":"en-US"},{"@type":["Organization","Place"],"@id":"https:\/\/cube-educ.com\/en\/#organization","name":"Cube Education","url":"https:\/\/cube-educ.com\/en\/","logo":{"@id":"https:\/\/cube-educ.com\/en\/pedagogy\/#local-main-organization-logo"},"image":{"@id":"https:\/\/cube-educ.com\/en\/pedagogy\/#local-main-organization-logo"},"sameAs":["https:\/\/www.facebook.com\/CubeEducNetwork\/","https:\/\/www.instagram.com\/cube_educ\/","https:\/\/www.linkedin.com\/company\/cube-educ\/"],"description":"Cube Education est un r\u00e9seau d\u2019\u00e9coles priv\u00e9es bilingues en \u00cele-de-France, inspir\u00e9es par Montessori : petits effectifs, suivi individualis\u00e9 et exigence p\u00e9dagogique bienveillante, dans le respect des programmes.","legalName":"Cube Education","numberOfEmployees":{"@type":"QuantitativeValue","minValue":"51","maxValue":"200"},"telephone":[],"openingHoursSpecification":[{"@type":"OpeningHoursSpecification","dayOfWeek":["Monday","Tuesday","Wednesday","Thursday","Friday","Saturday","Sunday"],"opens":"09:00","closes":"17:00"}]},{"@type":"ImageObject","inLanguage":"en-US","@id":"https:\/\/cube-educ.com\/en\/pedagogy\/#local-main-organization-logo","url":"","contentUrl":"","caption":"Cube Education"}]}},"_links":{"self":[{"href":"https:\/\/cube-educ.com\/en\/wp-json\/wp\/v2\/pages\/1442","targetHints":{"allow":["GET"]}}],"collection":[{"href":"https:\/\/cube-educ.com\/en\/wp-json\/wp\/v2\/pages"}],"about":[{"href":"https:\/\/cube-educ.com\/en\/wp-json\/wp\/v2\/types\/page"}],"author":[{"embeddable":true,"href":"https:\/\/cube-educ.com\/en\/wp-json\/wp\/v2\/users\/1"}],"replies":[{"embeddable":true,"href":"https:\/\/cube-educ.com\/en\/wp-json\/wp\/v2\/comments?post=1442"}],"version-history":[{"count":2,"href":"https:\/\/cube-educ.com\/en\/wp-json\/wp\/v2\/pages\/1442\/revisions"}],"predecessor-version":[{"id":10156,"href":"https:\/\/cube-educ.com\/en\/wp-json\/wp\/v2\/pages\/1442\/revisions\/10156"}],"wp:attachment":[{"href":"https:\/\/cube-educ.com\/en\/wp-json\/wp\/v2\/media?parent=1442"}],"curies":[{"name":"wp","href":"https:\/\/api.w.org\/{rel}","templated":true}]}}