{"id":12374,"date":"2026-03-11T13:32:07","date_gmt":"2026-03-11T12:32:07","guid":{"rendered":"https:\/\/cube-educ.com\/?page_id=12374"},"modified":"2026-04-16T12:25:27","modified_gmt":"2026-04-16T10:25:27","slug":"legal-notice-2","status":"publish","type":"page","link":"https:\/\/cube-educ.com\/en\/legal-notice-2\/","title":{"rendered":"Pedagogical Charter"},"content":{"rendered":"\t\t<div data-elementor-type=\"wp-page\" data-elementor-id=\"12374\" class=\"elementor elementor-12374 elementor-12373\" data-elementor-post-type=\"page\">\n\t\t\t\t<div class=\"elementor-element elementor-element-2b7a9113 e-flex e-con-boxed e-con e-parent\" data-id=\"2b7a9113\" data-element_type=\"container\" data-e-type=\"container\">\n\t\t\t\t\t<div class=\"e-con-inner\">\n\t\t\t\t<div class=\"elementor-element elementor-element-5c39a12d elementor-widget elementor-widget-text-editor\" data-id=\"5c39a12d\" data-element_type=\"widget\" data-e-type=\"widget\" data-widget_type=\"text-editor.default\">\n\t\t\t\t\t\t\t\t\t\n<h2 class=\"wp-block-heading\"> <\/h2>\n\n\n\n<p\/>\n\t\t\t\t\t\t\t\t<\/div>\n\t\t\t\t\t<\/div>\n\t\t\t\t<\/div>\n\t\t<div class=\"elementor-element elementor-element-b742deb section-xl e-flex e-con-boxed e-con e-parent\" data-id=\"b742deb\" data-element_type=\"container\" data-e-type=\"container\">\n\t\t\t\t\t<div class=\"e-con-inner\">\n\t\t<div class=\"elementor-element elementor-element-508619b e-con-full section-narrow e-flex e-con e-child\" data-id=\"508619b\" data-element_type=\"container\" data-e-type=\"container\">\n\t\t\t\t<div class=\"elementor-element elementor-element-84f6d50 elementor-widget elementor-widget-heading\" data-id=\"84f6d50\" data-element_type=\"widget\" data-e-type=\"widget\" data-widget_type=\"heading.default\">\n\t\t\t\t\t<h1 class=\"elementor-heading-title elementor-size-default\">Pedagogical Charter<\/h1>\t\t\t\t<\/div>\n\t\t\t\t<div class=\"elementor-element elementor-element-dddbd45 elementor-widget elementor-widget-text-editor\" data-id=\"dddbd45\" data-element_type=\"widget\" data-e-type=\"widget\" data-widget_type=\"text-editor.default\">\n\t\t\t\t\t\t\t\t\t<h5 class=\"p5\"><b>PREAMBLE<\/b><b><\/b><\/h5>\n<p class=\"p5\">Our schools are based, among other things, on the scientific pedagogy developed by Maria Montessori.<\/p>\n<p class=\"p5\">We see the child as a being under construction, with his or her own potential, who develops in a prepared, structured and demanding environment.<\/p>\n<p class=\"p5\">The Montessori pedagogy, as we apply it, supports each child in the autonomous, in-depth construction of his or her fundamental learning.<\/p>\n<h5> <\/h5>\n<h5 class=\"p5\"><b>OUR COMMITMENTS<\/b><\/h5>\n<ul class=\"ul1\">\n<li class=\"li7\">Respect Montessori principles: the child&#8217;s rhythm and phases of development, and learning through autonomy<\/li>\n<li class=\"li7\">Maintaining a stable, secure environment<\/li>\n<li class=\"li7\">Provide a bilingual immersion environment,<span class=\"Apple-converted-space\">  <\/span>guaranteeing structured progress in oral and written skills.<\/li>\n<li class=\"li7\">Ensure formalized pedagogical follow-up to measure progress and identify needs for improvement<\/li>\n<li class=\"li7\">Regularly inform families of the child&#8217;s progress<\/li>\n<li class=\"li7\">Prepare each student for a gradual, calm and effective transition to middle school, by ensuring mastery of the fundamentals and the acquisition of the expected work methods<\/li>\n<\/ul>\n<h5> <\/h5>\n<h5 class=\"p5\"><b>OUR 3 PILLARS<\/b><\/h5>\n<p><span style=\"text-decoration: underline;\"><strong><span class=\"s1\">1. Restricted freedom<\/span><\/strong><\/span><\/p>\n<p class=\"p7\">Pedagogical freedom does not mean the absence of rules.<\/p>\n<p class=\"p7\"><b>The framework is stable, explicit and consistent.<\/b>  It is an essential safety feature for children.<\/p>\n<p class=\"p7\"><b>The child<\/b> is free to :<\/p>\n<ul class=\"ul1\">\n<li class=\"li7\">Choose your activity from among those presented<\/li>\n<li class=\"li7\">Repeat a job if necessary<\/li>\n<li class=\"li7\">Organize your time within the defined framework<\/li>\n<\/ul>\n<p class=\"p7\"><b>This freedom<\/b> is exercised with respect :<\/p>\n<ul class=\"ul1\">\n<li class=\"li7\">Common rules<\/li>\n<li class=\"li7\">Of others<\/li>\n<li class=\"li7\">The work of others<\/li>\n<li class=\"li7\">Hardware<\/li>\n<\/ul>\n<p class=\"p7\"><b>Educator:<\/b><\/p>\n<ul class=\"ul1\">\n<li class=\"li7\">Observe rigorously<\/li>\n<li class=\"li7\">Presents equipment with precision<\/li>\n<li class=\"li7\">Guiding without substituting<\/li>\n<li class=\"li7\">Maintains a clear framework<\/li>\n<li class=\"li7\">Promotes autonomy and responsibility<\/li>\n<\/ul>\n<p class=\"p7\">He ensures a balance between freedom and high standards, and guarantees the stability of the environment and the quality of learning.<\/p>\n<p> <\/p>\n<p class=\"p7\"><span style=\"text-decoration: underline;\"><strong><span style=\"background-color: transparent;\">2. <\/span>Structured, verified learning<\/strong><\/span><\/p>\n<p class=\"p7\">Our schools guarantee a :<\/p>\n<ul class=\"ul1\">\n<li class=\"li7\">Tailored to the needs of each age group<\/li>\n<li class=\"li7\">Aesthetically pleasing and functional<\/li>\n<li class=\"li7\">Promoting concentration and autonomy<\/li>\n<\/ul>\n<p class=\"p7\">Learning is organized according to :<\/p>\n<ul class=\"ul1\">\n<li class=\"li7\">Clearly defined objectives<\/li>\n<li class=\"li7\">Competencies to be acquired at the end of the cycle, in line with the requirements of French education programs<\/li>\n<li class=\"li7\">Explicit progression stages<\/li>\n<li class=\"li7\">Acquired knowledge verified and consolidated before introducing new concepts<\/li>\n<li class=\"li7\">Regular, precise, individualized monitoring communicated to families<\/li>\n<\/ul>\n<p class=\"p7\">Montessori materials are carefully selected and presented according to a precise progression.<\/p>\n<p class=\"p7\">Each student knows :<\/p>\n<ul class=\"ul1\">\n<li class=\"li7\">What he learns<\/li>\n<li class=\"li7\">Why he finds out<\/li>\n<li class=\"li7\">What&#8217;s expected of him<\/li>\n<\/ul>\n<p> <\/p>\n<p><span class=\"s1\"><span style=\"text-decoration: underline;\"><b><br>3. Bilingualism<\/b><\/span><b><\/b><\/span><\/p>\n<p class=\"p7\"><b>A window on the world<\/b><b><\/b><\/p>\n<p class=\"p7\">Bilingualism is at the heart of our schools&#8217; educational project.  <\/p>\n<p class=\"p7\">Children gradually develop natural linguistic fluency, while cultivating confidence and cultural curiosity, thanks to :<\/p>\n<ul class=\"ul1\">\n<li class=\"li7\">A living bilingual environment in the daily activities of our schools.<\/li>\n<li class=\"li7\">Teaching provided by French and English-speaking teaching teams.<\/li>\n<li class=\"li7\">Gradual immersion to promote natural understanding and expression in both languages.<\/li>\n<li class=\"li7\">Preparation for Cambridge certifications to enhance students&#8217; language skills.<\/li>\n<\/ul>\n<h5> <\/h5>\n<h5 class=\"p7\"><span class=\"s1\"><b>OBJECTIVES BY CLASS  <\/b><\/span><\/h5>\n<p class=\"p7\"><b>2-3 years<\/b><\/p>\n<p class=\"p7\"><b>Growing in confidence<\/b><b><\/b><\/p>\n<ul class=\"ul1\">\n<li class=\"li7\">Encourage language development and the expression of needs.<\/li>\n<li class=\"li7\">Develop autonomy in everyday activities.<\/li>\n<li class=\"li7\">Encourage the emergence of social skills (sharing, listening, respecting others).<\/li>\n<li class=\"li7\">Stimulate sensory exploration and motor skills development.<\/li>\n<\/ul>\n<p class=\"p7\"><b> <\/b><\/p>\n<p class=\"p7\"><b>3-6 years<\/b><\/p>\n<p class=\"p7\"><b>Building the first foundations<\/b><\/p>\n<ul class=\"ul1\">\n<li class=\"li7\">Developing language and enriching vocabulary<\/li>\n<li class=\"li7\">Discovering the first mathematical concepts<\/li>\n<li class=\"li7\">Learn to concentrate and follow through on an activity<\/li>\n<li class=\"li7\">Gaining autonomy and confidence<\/li>\n<li class=\"li7\">Developing psycho-social skills<\/li>\n<\/ul>\n<p class=\"p7\"><b> <\/b><\/p>\n<p class=\"p7\"><b>6-8 years<\/b><\/p>\n<p class=\"p7\"><b>Understanding and structuring learning<\/b><b><\/b><\/p>\n<ul class=\"ul1\">\n<li class=\"li7\">Read, write and express yourself with ease<\/li>\n<li class=\"li7\">Understand the basics of mathematical reasoning<\/li>\n<li class=\"li7\">Gradually organize your work<\/li>\n<li class=\"li7\">Develop your curiosity and general knowledge<\/li>\n<\/ul>\n<p class=\"p7\"><b> <\/b><\/p>\n<p class=\"p7\"><b>9-11 years<\/b><\/p>\n<p class=\"p7\"><b>Consolidate, deepen, become autonomous<\/b><b><\/b><\/p>\n<ul class=\"ul1\">\n<li class=\"li7\">Proficiency in written expression and in-depth reading<\/li>\n<li class=\"li7\">Solve problems and reason methodically<\/li>\n<li class=\"li7\">Managing time and organizing work<\/li>\n<li class=\"li7\">Developing critical thinking skills<\/li>\n<li class=\"li7\">Preparing for the demands of middle school<\/li>\n<\/ul>\n<div> <\/div>\n<div> <\/div>\n<p class=\"p8\" style=\"text-align: center;\"><strong><i>A clear framework &#8211; Solid fundamentals &#8211; A future built on confidence<\/i><\/strong><\/p>\n<p class=\"p8\" style=\"text-align: center;\"><strong>CUBE EDUCATION<\/strong><\/p>\t\t\t\t\t\t\t\t<\/div>\n\t\t\t\t<\/div>\n\t\t\t\t\t<\/div>\n\t\t\t\t<\/div>\n\t\t\t\t<\/div>\n\t\t","protected":false},"excerpt":{"rendered":"<p>Pedagogical Charter PREAMBLE Our schools are based, among other things, on the scientific pedagogy developed by Maria Montessori. We see the child as a being under construction, with his or her own potential, who develops in a prepared, structured and demanding environment. The Montessori pedagogy, as we apply it, supports each child in the autonomous, [&hellip;]<\/p>\n","protected":false},"author":1,"featured_media":14915,"parent":0,"menu_order":0,"comment_status":"closed","ping_status":"open","template":"","meta":{"_acf_changed":false,"footnotes":""},"class_list":["post-12374","page","type-page","status-publish","has-post-thumbnail","hentry"],"acf":[],"yoast_head":"<!-- This site is optimized with the Yoast SEO Premium plugin v27.4 (Yoast SEO v27.4) - https:\/\/yoast.com\/product\/yoast-seo-premium-wordpress\/ -->\n<title>Pedagogical Charter | Cube Education<\/title>\n<meta name=\"robots\" content=\"index, follow, max-snippet:-1, max-image-preview:large, max-video-preview:-1\" \/>\n<link rel=\"canonical\" href=\"https:\/\/cube-educ.com\/en\/legal-notice-2\/\" \/>\n<meta property=\"og:locale\" content=\"en_US\" \/>\n<meta property=\"og:type\" content=\"article\" \/>\n<meta property=\"og:title\" content=\"Pedagogical Charter\" \/>\n<meta property=\"og:description\" content=\"Pedagogical Charter PREAMBLE Our schools are based, among other things, on the scientific pedagogy developed by Maria Montessori. We see the child as a being under construction, with his or her own potential, who develops in a prepared, structured and demanding environment. The Montessori pedagogy, as we apply it, supports each child in the autonomous, [&hellip;]\" \/>\n<meta property=\"og:url\" content=\"https:\/\/cube-educ.com\/en\/legal-notice-2\/\" \/>\n<meta property=\"og:site_name\" content=\"Cube Education\" \/>\n<meta property=\"article:publisher\" content=\"https:\/\/www.facebook.com\/CubeEducNetwork\/\" \/>\n<meta property=\"article:modified_time\" content=\"2026-04-16T10:25:27+00:00\" \/>\n<meta property=\"og:image\" content=\"https:\/\/cube-educ.com\/wp-content\/uploads\/2025\/12\/Master_Cube_Edu_tagline_horizontalno-margin-1-scaled.png\" \/>\n\t<meta property=\"og:image:width\" content=\"2560\" \/>\n\t<meta property=\"og:image:height\" content=\"581\" \/>\n\t<meta property=\"og:image:type\" content=\"image\/png\" \/>\n<meta name=\"twitter:card\" content=\"summary_large_image\" \/>\n<meta name=\"twitter:label1\" content=\"Est. reading time\" \/>\n\t<meta name=\"twitter:data1\" content=\"3 minutes\" \/>\n<script type=\"application\/ld+json\" class=\"yoast-schema-graph\">{\"@context\":\"https:\\\/\\\/schema.org\",\"@graph\":[{\"@type\":\"WebPage\",\"@id\":\"https:\\\/\\\/cube-educ.com\\\/en\\\/legal-notice-2\\\/\",\"url\":\"https:\\\/\\\/cube-educ.com\\\/en\\\/legal-notice-2\\\/\",\"name\":\"Pedagogical Charter | Cube Education\",\"isPartOf\":{\"@id\":\"https:\\\/\\\/cube-educ.com\\\/en\\\/#website\"},\"primaryImageOfPage\":{\"@id\":\"https:\\\/\\\/cube-educ.com\\\/en\\\/legal-notice-2\\\/#primaryimage\"},\"image\":{\"@id\":\"https:\\\/\\\/cube-educ.com\\\/en\\\/legal-notice-2\\\/#primaryimage\"},\"thumbnailUrl\":\"https:\\\/\\\/cube-educ.com\\\/wp-content\\\/uploads\\\/2026\\\/04\\\/Master-Flavicon.svg\",\"datePublished\":\"2026-03-11T12:32:07+00:00\",\"dateModified\":\"2026-04-16T10:25:27+00:00\",\"breadcrumb\":{\"@id\":\"https:\\\/\\\/cube-educ.com\\\/en\\\/legal-notice-2\\\/#breadcrumb\"},\"inLanguage\":\"en-US\",\"potentialAction\":[{\"@type\":\"ReadAction\",\"target\":[\"https:\\\/\\\/cube-educ.com\\\/en\\\/legal-notice-2\\\/\"]}]},{\"@type\":\"ImageObject\",\"inLanguage\":\"en-US\",\"@id\":\"https:\\\/\\\/cube-educ.com\\\/en\\\/legal-notice-2\\\/#primaryimage\",\"url\":\"https:\\\/\\\/cube-educ.com\\\/wp-content\\\/uploads\\\/2026\\\/04\\\/Master-Flavicon.svg\",\"contentUrl\":\"https:\\\/\\\/cube-educ.com\\\/wp-content\\\/uploads\\\/2026\\\/04\\\/Master-Flavicon.svg\",\"width\":512,\"height\":512},{\"@type\":\"BreadcrumbList\",\"@id\":\"https:\\\/\\\/cube-educ.com\\\/en\\\/legal-notice-2\\\/#breadcrumb\",\"itemListElement\":[{\"@type\":\"ListItem\",\"position\":1,\"name\":\"Accueil\",\"item\":\"https:\\\/\\\/cube-educ.com\\\/en\\\/\"},{\"@type\":\"ListItem\",\"position\":2,\"name\":\"Pedagogical Charter\"}]},{\"@type\":\"WebSite\",\"@id\":\"https:\\\/\\\/cube-educ.com\\\/en\\\/#website\",\"url\":\"https:\\\/\\\/cube-educ.com\\\/en\\\/\",\"name\":\"Cube Education\",\"description\":\"\",\"publisher\":{\"@id\":\"https:\\\/\\\/cube-educ.com\\\/en\\\/#organization\"},\"potentialAction\":[{\"@type\":\"SearchAction\",\"target\":{\"@type\":\"EntryPoint\",\"urlTemplate\":\"https:\\\/\\\/cube-educ.com\\\/en\\\/?s={search_term_string}\"},\"query-input\":{\"@type\":\"PropertyValueSpecification\",\"valueRequired\":true,\"valueName\":\"search_term_string\"}}],\"inLanguage\":\"en-US\"},{\"@type\":[\"Organization\",\"Place\"],\"@id\":\"https:\\\/\\\/cube-educ.com\\\/en\\\/#organization\",\"name\":\"Cube Education\",\"url\":\"https:\\\/\\\/cube-educ.com\\\/en\\\/\",\"logo\":{\"@id\":\"https:\\\/\\\/cube-educ.com\\\/en\\\/legal-notice-2\\\/#local-main-organization-logo\"},\"image\":{\"@id\":\"https:\\\/\\\/cube-educ.com\\\/en\\\/legal-notice-2\\\/#local-main-organization-logo\"},\"sameAs\":[\"https:\\\/\\\/www.facebook.com\\\/CubeEducNetwork\\\/\",\"https:\\\/\\\/www.instagram.com\\\/cube_educ\\\/\",\"https:\\\/\\\/www.linkedin.com\\\/company\\\/cube-educ\\\/\"],\"description\":\"Cube Education est un r\u00e9seau d\u2019\u00e9coles priv\u00e9es bilingues en \u00cele-de-France, inspir\u00e9es par Montessori : petits effectifs, suivi individualis\u00e9 et exigence p\u00e9dagogique bienveillante, dans le respect des programmes.\",\"legalName\":\"Cube Education\",\"numberOfEmployees\":{\"@type\":\"QuantitativeValue\",\"minValue\":\"51\",\"maxValue\":\"200\"},\"telephone\":[],\"openingHoursSpecification\":[{\"@type\":\"OpeningHoursSpecification\",\"dayOfWeek\":[\"Monday\",\"Tuesday\",\"Wednesday\",\"Thursday\",\"Friday\",\"Saturday\",\"Sunday\"],\"opens\":\"09:00\",\"closes\":\"17:00\"}]},{\"@type\":\"ImageObject\",\"inLanguage\":\"en-US\",\"@id\":\"https:\\\/\\\/cube-educ.com\\\/en\\\/legal-notice-2\\\/#local-main-organization-logo\",\"url\":\"\",\"contentUrl\":\"\",\"caption\":\"Cube Education\"}]}<\/script>\n<!-- \/ Yoast SEO Premium plugin. -->","yoast_head_json":{"title":"Pedagogical Charter | Cube Education","robots":{"index":"index","follow":"follow","max-snippet":"max-snippet:-1","max-image-preview":"max-image-preview:large","max-video-preview":"max-video-preview:-1"},"canonical":"https:\/\/cube-educ.com\/en\/legal-notice-2\/","og_locale":"en_US","og_type":"article","og_title":"Pedagogical Charter","og_description":"Pedagogical Charter PREAMBLE Our schools are based, among other things, on the scientific pedagogy developed by Maria Montessori. We see the child as a being under construction, with his or her own potential, who develops in a prepared, structured and demanding environment. The Montessori pedagogy, as we apply it, supports each child in the autonomous, [&hellip;]","og_url":"https:\/\/cube-educ.com\/en\/legal-notice-2\/","og_site_name":"Cube Education","article_publisher":"https:\/\/www.facebook.com\/CubeEducNetwork\/","article_modified_time":"2026-04-16T10:25:27+00:00","og_image":[{"width":2560,"height":581,"url":"https:\/\/cube-educ.com\/wp-content\/uploads\/2025\/12\/Master_Cube_Edu_tagline_horizontalno-margin-1-scaled.png","type":"image\/png"}],"twitter_card":"summary_large_image","twitter_misc":{"Est. reading time":"3 minutes"},"schema":{"@context":"https:\/\/schema.org","@graph":[{"@type":"WebPage","@id":"https:\/\/cube-educ.com\/en\/legal-notice-2\/","url":"https:\/\/cube-educ.com\/en\/legal-notice-2\/","name":"Pedagogical Charter | Cube Education","isPartOf":{"@id":"https:\/\/cube-educ.com\/en\/#website"},"primaryImageOfPage":{"@id":"https:\/\/cube-educ.com\/en\/legal-notice-2\/#primaryimage"},"image":{"@id":"https:\/\/cube-educ.com\/en\/legal-notice-2\/#primaryimage"},"thumbnailUrl":"https:\/\/cube-educ.com\/wp-content\/uploads\/2026\/04\/Master-Flavicon.svg","datePublished":"2026-03-11T12:32:07+00:00","dateModified":"2026-04-16T10:25:27+00:00","breadcrumb":{"@id":"https:\/\/cube-educ.com\/en\/legal-notice-2\/#breadcrumb"},"inLanguage":"en-US","potentialAction":[{"@type":"ReadAction","target":["https:\/\/cube-educ.com\/en\/legal-notice-2\/"]}]},{"@type":"ImageObject","inLanguage":"en-US","@id":"https:\/\/cube-educ.com\/en\/legal-notice-2\/#primaryimage","url":"https:\/\/cube-educ.com\/wp-content\/uploads\/2026\/04\/Master-Flavicon.svg","contentUrl":"https:\/\/cube-educ.com\/wp-content\/uploads\/2026\/04\/Master-Flavicon.svg","width":512,"height":512},{"@type":"BreadcrumbList","@id":"https:\/\/cube-educ.com\/en\/legal-notice-2\/#breadcrumb","itemListElement":[{"@type":"ListItem","position":1,"name":"Accueil","item":"https:\/\/cube-educ.com\/en\/"},{"@type":"ListItem","position":2,"name":"Pedagogical Charter"}]},{"@type":"WebSite","@id":"https:\/\/cube-educ.com\/en\/#website","url":"https:\/\/cube-educ.com\/en\/","name":"Cube Education","description":"","publisher":{"@id":"https:\/\/cube-educ.com\/en\/#organization"},"potentialAction":[{"@type":"SearchAction","target":{"@type":"EntryPoint","urlTemplate":"https:\/\/cube-educ.com\/en\/?s={search_term_string}"},"query-input":{"@type":"PropertyValueSpecification","valueRequired":true,"valueName":"search_term_string"}}],"inLanguage":"en-US"},{"@type":["Organization","Place"],"@id":"https:\/\/cube-educ.com\/en\/#organization","name":"Cube Education","url":"https:\/\/cube-educ.com\/en\/","logo":{"@id":"https:\/\/cube-educ.com\/en\/legal-notice-2\/#local-main-organization-logo"},"image":{"@id":"https:\/\/cube-educ.com\/en\/legal-notice-2\/#local-main-organization-logo"},"sameAs":["https:\/\/www.facebook.com\/CubeEducNetwork\/","https:\/\/www.instagram.com\/cube_educ\/","https:\/\/www.linkedin.com\/company\/cube-educ\/"],"description":"Cube Education est un r\u00e9seau d\u2019\u00e9coles priv\u00e9es bilingues en \u00cele-de-France, inspir\u00e9es par Montessori : petits effectifs, suivi individualis\u00e9 et exigence p\u00e9dagogique bienveillante, dans le respect des programmes.","legalName":"Cube Education","numberOfEmployees":{"@type":"QuantitativeValue","minValue":"51","maxValue":"200"},"telephone":[],"openingHoursSpecification":[{"@type":"OpeningHoursSpecification","dayOfWeek":["Monday","Tuesday","Wednesday","Thursday","Friday","Saturday","Sunday"],"opens":"09:00","closes":"17:00"}]},{"@type":"ImageObject","inLanguage":"en-US","@id":"https:\/\/cube-educ.com\/en\/legal-notice-2\/#local-main-organization-logo","url":"","contentUrl":"","caption":"Cube Education"}]}},"_links":{"self":[{"href":"https:\/\/cube-educ.com\/en\/wp-json\/wp\/v2\/pages\/12374","targetHints":{"allow":["GET"]}}],"collection":[{"href":"https:\/\/cube-educ.com\/en\/wp-json\/wp\/v2\/pages"}],"about":[{"href":"https:\/\/cube-educ.com\/en\/wp-json\/wp\/v2\/types\/page"}],"author":[{"embeddable":true,"href":"https:\/\/cube-educ.com\/en\/wp-json\/wp\/v2\/users\/1"}],"replies":[{"embeddable":true,"href":"https:\/\/cube-educ.com\/en\/wp-json\/wp\/v2\/comments?post=12374"}],"version-history":[{"count":5,"href":"https:\/\/cube-educ.com\/en\/wp-json\/wp\/v2\/pages\/12374\/revisions"}],"predecessor-version":[{"id":12391,"href":"https:\/\/cube-educ.com\/en\/wp-json\/wp\/v2\/pages\/12374\/revisions\/12391"}],"wp:featuredmedia":[{"embeddable":true,"href":"https:\/\/cube-educ.com\/en\/wp-json\/wp\/v2\/media\/14915"}],"wp:attachment":[{"href":"https:\/\/cube-educ.com\/en\/wp-json\/wp\/v2\/media?parent=12374"}],"curies":[{"name":"wp","href":"https:\/\/api.w.org\/{rel}","templated":true}]}}